{"id":289376,"date":"2026-03-19T19:37:38","date_gmt":"2026-03-19T19:37:38","guid":{"rendered":"https:\/\/greenleaderslatam.com\/?page_id=289376"},"modified":"2026-03-20T03:05:15","modified_gmt":"2026-03-20T03:05:15","slug":"gracias-por-inscribirte","status":"publish","type":"page","link":"https:\/\/greenleaderslatam.com\/es\/gracias-por-inscribirte\/","title":{"rendered":""},"content":{"rendered":"<!DOCTYPE html>\n<html lang=\"es\">\n<head>\n    <meta charset=\"UTF-8\">\n    <meta name=\"viewport\" content=\"width=device-width, initial-scale=1.0\">\n    <title>\u00a1Gracias por inscribirte!<\/title>\n    <style>\n        body {\n            background: linear-gradient(135deg, #2c5e3b, #4caf50);\n            min-height: 100vh;\n            display: flex;\n            align-items: center;\n            justify-content: center;\n            font-family: 'Arial', sans-serif;\n            margin: 0;\n            padding: 20px;\n        }\n        .card {\n            background: white;\n            max-width: 500px;\n            padding: 40px;\n            border-radius: 15px;\n            box-shadow: 0 10px 30px rgba(0,0,0,0.2);\n            text-align: center;\n        }\n        h1 {\n            color: #2c5e3b;\n            font-size: 32px;\n            margin-bottom: 20px;\n        }\n        .message {\n            color: #666;\n            font-size: 18px;\n            line-height: 1.6;\n            margin-bottom: 30px;\n        }\n        .btn {\n            background: #2c5e3b;\n            color: white;\n            padding: 12px 30px;\n            text-decoration: none;\n            border-radius: 5px;\n            display: inline-block;\n            font-weight: bold;\n            transition: background 0.3s;\n        }\n        .btn:hover {\n            background: #1e4028;\n        }\n        .icon {\n            font-size: 80px;\n            color: #2c5e3b;\n            margin-bottom: 20px;\n        }\n        .reference {\n            background: #f0f8f0;\n            padding: 10px;\n            border-radius: 5px;\n            margin: 20px 0;\n            font-size: 14px;\n            color: #2c5e3b;\n        }\n    <\/style>\n<\/head>\n<body>\n    <div class=\"card\">\n        <div class=\"icon\">\u2713<\/div>\n        <h1>\u00a1Gracias por inscribirte!<\/h1>\n        <div class=\"message\">\n            Hemos recibido tu inscripci\u00f3n correctamente.<br>\n            <strong>Pronto nos pondremos en contacto contigo<\/strong> para informarte sobre los siguientes pasos.\n        <\/div>\n        <div id=\"reference\" class=\"reference\" style=\"display: none;\">\n            N\u00famero de inscripci\u00f3n: <span id=\"refNumber\"><\/span>\n        <\/div>\n        <a href=\"\/\" class=\"btn\">Volver al inicio<\/a>\n    <\/div>\n\n    <script>\n        const urlParams = new URLSearchParams(window.location.search);\n        const id = urlParams.get('id');\n        if (id) {\n            document.getElementById('reference').style.display = 'block';\n            document.getElementById('refNumber').textContent = id;\n        }\n    <\/script>\n<\/body>\n<\/html>","protected":false},"excerpt":{"rendered":"<p>\u00a1Gracias por inscribirte! \u2713 \u00a1Gracias por inscribirte! Hemos recibido tu inscripci\u00f3n correctamente. Pronto nos pondremos en contacto contigo para informarte sobre los siguientes pasos. N\u00famero de inscripci\u00f3n: Volver al inicio<\/p>","protected":false},"author":4,"featured_media":0,"parent":0,"menu_order":0,"comment_status":"closed","ping_status":"closed","template":"","meta":{"_et_pb_use_builder":"off","_et_pb_old_content":"","_et_gb_content_width":"1080","footnotes":""},"class_list":["post-289376","page","type-page","status-publish","hentry"],"_links":{"self":[{"href":"https:\/\/greenleaderslatam.com\/es\/wp-json\/wp\/v2\/pages\/289376","targetHints":{"allow":["GET"]}}],"collection":[{"href":"https:\/\/greenleaderslatam.com\/es\/wp-json\/wp\/v2\/pages"}],"about":[{"href":"https:\/\/greenleaderslatam.com\/es\/wp-json\/wp\/v2\/types\/page"}],"author":[{"embeddable":true,"href":"https:\/\/greenleaderslatam.com\/es\/wp-json\/wp\/v2\/users\/4"}],"replies":[{"embeddable":true,"href":"https:\/\/greenleaderslatam.com\/es\/wp-json\/wp\/v2\/comments?post=289376"}],"version-history":[{"count":3,"href":"https:\/\/greenleaderslatam.com\/es\/wp-json\/wp\/v2\/pages\/289376\/revisions"}],"predecessor-version":[{"id":289390,"href":"https:\/\/greenleaderslatam.com\/es\/wp-json\/wp\/v2\/pages\/289376\/revisions\/289390"}],"wp:attachment":[{"href":"https:\/\/greenleaderslatam.com\/es\/wp-json\/wp\/v2\/media?parent=289376"}],"curies":[{"name":"wp","href":"https:\/\/api.w.org\/{rel}","templated":true}]}}